{"id":54797,"date":"2024-09-27T08:06:22","date_gmt":"2024-09-27T05:06:22","guid":{"rendered":"https:\/\/rukanordic.com\/?page_id=54797"},"modified":"2025-11-30T12:04:21","modified_gmt":"2025-11-30T10:04:21","slug":"for-visitors","status":"publish","type":"page","link":"https:\/\/rukanordic.com\/en\/for-visitors\/","title":{"rendered":"For visitors"},"content":{"rendered":"<div class=\"wpb-content-wrapper\"><p>[vc_row row_height_percent=&#8221;100&#8243; back_color=&#8221;color-444753&#8243; back_image=&#8221;54366&#8243; kburns=&#8221;yes&#8221; overlay_color=&#8221;color-767957&#8243; overlay_alpha=&#8221;11&#8243; equal_height=&#8221;yes&#8221; gutter_size=&#8221;1&#8243; column_width_use_pixel=&#8221;yes&#8221; shift_y=&#8221;0&#8243; z_index=&#8221;0&#8243; row_name=&#8221;Tervetuloa&#8221; uncode_shortcode_id=&#8221;119391&#8243; back_color_type=&#8221;uncode-palette&#8221; overlay_color_type=&#8221;uncode-palette&#8221;][vc_column column_width_use_pixel=&#8221;yes&#8221; position_vertical=&#8221;middle&#8221; align_horizontal=&#8221;align_center&#8221; gutter_size=&#8221;3&#8243; style=&#8221;dark&#8221; overlay_alpha=&#8221;50&#8243; shift_x=&#8221;0&#8243; shift_y=&#8221;0&#8243; shift_y_down=&#8221;0&#8243; z_index=&#8221;0&#8243; medium_width=&#8221;0&#8243; mobile_width=&#8221;0&#8243; width=&#8221;1\/1&#8243;][vc_row_inner row_inner_height_percent=&#8221;54&#8243; overlay_alpha=&#8221;50&#8243; gutter_size=&#8221;3&#8243; shift_y=&#8221;0&#8243; z_index=&#8221;0&#8243; uncode_shortcode_id=&#8221;331616&#8243; css=&#8221;.vc_custom_1663348906934{padding-top: 60px !important;}&#8221; limit_content=&#8221;&#8221;][vc_column_inner column_width_percent=&#8221;71&#8243; position_vertical=&#8221;middle&#8221; align_horizontal=&#8221;align_center&#8221; gutter_size=&#8221;3&#8243; style=&#8221;dark&#8221; overlay_alpha=&#8221;50&#8243; shift_x=&#8221;0&#8243; shift_y=&#8221;0&#8243; shift_y_down=&#8221;0&#8243; z_index=&#8221;0&#8243; medium_width=&#8221;0&#8243; mobile_width=&#8221;0&#8243; width=&#8221;1\/1&#8243; uncode_shortcode_id=&#8221;199371&#8243;][vc_custom_heading text_color=&#8221;color-xsdn&#8221; heading_semantic=&#8221;h1&#8243; text_size=&#8221;h1&#8243; text_weight=&#8221;300&#8243; text_transform=&#8221;uppercase&#8221; css_animation=&#8221;top-t-bottom&#8221; animation_delay=&#8221;200&#8243; uncode_shortcode_id=&#8221;201972&#8243; el_class=&#8221;headingShadow mainHeaderH1&#8243; text_color_type=&#8221;uncode-palette&#8221;]<\/p>\n<p class=\"p1\" style=\"text-align: center;\">Ruka Nordic 2026<\/p>\n<p class=\"p1\" style=\"text-align: center;\">Get your advance tickets now at a special price!<\/p>\n<p>[\/vc_custom_heading][\/vc_column_inner][\/vc_row_inner][\/vc_column][\/vc_row][vc_row unlock_row_content=&#8221;yes&#8221; row_height_percent=&#8221;0&#8243; override_padding=&#8221;yes&#8221; h_padding=&#8221;0&#8243; top_padding=&#8221;0&#8243; bottom_padding=&#8221;0&#8243; back_color=&#8221;color-xsdn&#8221; overlay_alpha=&#8221;50&#8243; equal_height=&#8221;yes&#8221; gutter_size=&#8221;0&#8243; column_width_percent=&#8221;100&#8243; shift_y=&#8221;0&#8243; z_index=&#8221;0&#8243; uncode_shortcode_id=&#8221;148043&#8243; back_color_type=&#8221;uncode-palette&#8221; row_name=&#8221;Ruka Nordic 2023&#8243;][vc_column column_width_percent=&#8221;100&#8243; gutter_size=&#8221;3&#8243; override_padding=&#8221;yes&#8221; column_padding=&#8221;0&#8243; expand_height=&#8221;yes&#8221; style=&#8221;dark&#8221; overlay_alpha=&#8221;50&#8243; shift_x=&#8221;0&#8243; shift_y=&#8221;0&#8243; shift_y_down=&#8221;0&#8243; z_index=&#8221;0&#8243; medium_width=&#8221;0&#8243; mobile_width=&#8221;0&#8243; width=&#8221;1\/2&#8243; uncode_shortcode_id=&#8221;827989&#8243;][vc_gallery el_id=&#8221;gallery-102536&#8243; type=&#8221;carousel&#8221; random=&#8221;yes&#8221; medias=&#8221;54487,54485,54483,54481,54479,54477,54475,54473,54471,54469,54465,54463,54461,54459,54457,54455,54453,54451,54449,54447,54445,54443,54441,54439,54437,54435,54433,54431,54429,54427,54425,54423,54421,54419,54417,54415,54413,54411,54409,54407,54405,54403,54401,54399,54397,54395,54393,54391,54389,54387,54385,54383,54381,54379,54377,54375,54373,54371,54367,54362,54353,54351,54346,54344,54329,54327,54325,54585,54587,54589,54591,54593,54595,54597,54599,54601,54603,54605,54607,54609,54611,54613,54615,54617,54621,54623,54625,54627,54629,54631,54633,54635,54637,54639,54644,54646,54648,54650,54652,54654,54656,54658,54660,54662,54664,54666,54668,54670,54672,54674&#8243; carousel_lg=&#8221;1&#8243; carousel_md=&#8221;1&#8243; carousel_sm=&#8221;1&#8243; thumb_size=&#8221;one-one&#8221; gutter_size=&#8221;0&#8243; carousel_type=&#8221;fade&#8221; carousel_interval=&#8221;3000&#8243; carousel_navspeed=&#8221;700&#8243; carousel_loop=&#8221;yes&#8221; carousel_dots=&#8221;yes&#8221; carousel_dots_inside=&#8221;yes&#8221; carousel_dot_padding=&#8221;2&#8243; stage_padding=&#8221;0&#8243; single_overlay_opacity=&#8221;50&#8243; single_padding=&#8221;2&#8243; single_border=&#8221;yes&#8221; uncode_shortcode_id=&#8221;730597&#8243;][\/vc_column][vc_column column_width_percent=&#8221;100&#8243; position_vertical=&#8221;middle&#8221; align_horizontal=&#8221;align_right&#8221; gutter_size=&#8221;3&#8243; override_padding=&#8221;yes&#8221; column_padding=&#8221;4&#8243; overlay_alpha=&#8221;50&#8243; shift_x=&#8221;0&#8243; shift_y=&#8221;0&#8243; shift_y_down=&#8221;0&#8243; z_index=&#8221;0&#8243; medium_width=&#8221;0&#8243; mobile_width=&#8221;0&#8243; width=&#8221;1\/2&#8243; uncode_shortcode_id=&#8221;153857&#8243;][vc_custom_heading text_color=&#8221;color-199335&#8243; text_align=&#8221;text-left&#8221; uncode_shortcode_id=&#8221;136108&#8243; text_color_type=&#8221;uncode-palette&#8221;]Ruka Nordic is spectacular event full of exciting winter sports and unforgettable experiences![\/vc_custom_heading][vc_column_text uncode_shortcode_id=&#8221;567335&#8243;]<span class=\"font-555555 font-204222\">FIS World Cup Ruka Nordic k\u00e4ynnist\u00e4\u00e4 maastohiihdon ja yhdistetyn maailmancup-kiertueen, sek\u00e4 jatkaa m\u00e4kihypyn maailmancup-kiertuetta marraskuun viimeisen\u00e4 viikonloppuna 29.11. Rukan jylhiss\u00e4 maisemissa.\u00a0<\/span><\/p>\n<p><span class=\"font-555555 font-204222\">Luvassa on j\u00e4nnitt\u00e4v\u00e4n talviurheilun lis\u00e4ksi juhlintaa ja tanssia sek\u00e4 kaikenlaisia talvisia el\u00e4myksi\u00e4.<\/span>[\/vc_column_text][vc_button button_color=&#8221;color-393171&#8243; border_width=&#8221;0&#8243; button_color_type=&#8221;uncode-palette&#8221; uncode_shortcode_id=&#8221;154215&#8243; link=&#8221;url:https%3A%2F%2Fwww.lippu.fi%2Fartist%2Fruka-nordic%2F|title:Programme|&#8221;]Osta lippusi lippu.fi:st\u00e4![\/vc_button][\/vc_column][\/vc_row][vc_row unlock_row_content=&#8221;yes&#8221; row_height_percent=&#8221;0&#8243; override_padding=&#8221;yes&#8221; h_padding=&#8221;1&#8243; top_padding=&#8221;3&#8243; bottom_padding=&#8221;3&#8243; back_color=&#8221;color-gyho&#8221; back_image=&#8221;52974&#8243; parallax=&#8221;yes&#8221; overlay_alpha=&#8221;13&#8243; gutter_size=&#8221;3&#8243; column_width_percent=&#8221;100&#8243; shift_y=&#8221;0&#8243; z_index=&#8221;1&#8243; uncode_shortcode_id=&#8221;170257&#8243; back_color_type=&#8221;uncode-palette&#8221; row_name=&#8221;Ajankohtaista&#8221;][vc_column column_width_percent=&#8221;100&#8243; gutter_size=&#8221;3&#8243; style=&#8221;dark&#8221; overlay_alpha=&#8221;50&#8243; shift_x=&#8221;0&#8243; shift_y=&#8221;0&#8243; shift_y_down=&#8221;0&#8243; z_index=&#8221;0&#8243; medium_width=&#8221;0&#8243; mobile_width=&#8221;0&#8243; width=&#8221;1\/1&#8243; uncode_shortcode_id=&#8221;195953&#8243;][vc_row_inner row_inner_height_percent=&#8221;0&#8243; overlay_alpha=&#8221;50&#8243; gutter_size=&#8221;3&#8243; shift_y=&#8221;0&#8243; z_index=&#8221;0&#8243; uncode_shortcode_id=&#8221;876778&#8243; limit_content=&#8221;&#8221;][vc_column_inner column_width_percent=&#8221;100&#8243; position_vertical=&#8221;middle&#8221; align_horizontal=&#8221;align_center&#8221; gutter_size=&#8221;3&#8243; style=&#8221;dark&#8221; overlay_alpha=&#8221;50&#8243; shift_x=&#8221;0&#8243; shift_y=&#8221;0&#8243; shift_y_down=&#8221;0&#8243; z_index=&#8221;0&#8243; medium_width=&#8221;0&#8243; mobile_width=&#8221;0&#8243; width=&#8221;1\/1&#8243; uncode_shortcode_id=&#8221;167958&#8243;][uncode_index el_id=&#8221;index-1984412&#8243; index_type=&#8221;carousel&#8221; loop=&#8221;size:5|order_by:date|post_type:post|taxonomy_count:10&#8243; carousel_lg=&#8221;1&#8243; carousel_md=&#8221;1&#8243; carousel_sm=&#8221;1&#8243; thumb_size=&#8221;sixteen-nine&#8221; gutter_size=&#8221;2&#8243; post_items=&#8221;date,title,sep-one|full,category|nobg|relative|display-icon,link|link|default_size|Lue lis\u00e4\u00e4&#8221; carousel_height=&#8221;equal&#8221; carousel_interval=&#8221;0&#8243; carousel_navspeed=&#8221;400&#8243; carousel_overflow=&#8221;yes&#8221; carousel_dots=&#8221;yes&#8221; carousel_dots_mobile=&#8221;yes&#8221; stage_padding=&#8221;75&#8243; single_back_color=&#8221;color-xsdn&#8221; single_overlay_opacity=&#8221;50&#8243; single_image_anim=&#8221;no&#8221; single_padding=&#8221;3&#8243; single_title_dimension=&#8221;h3&#8243; single_border=&#8221;yes&#8221; single_css_animation=&#8221;right-t-left&#8221; single_animation_delay=&#8221;200&#8243; uncode_shortcode_id=&#8221;137841&#8243;][\/vc_column_inner][\/vc_row_inner][\/vc_column][\/vc_row][vc_row unlock_row_content=&#8221;yes&#8221; row_height_percent=&#8221;0&#8243; override_padding=&#8221;yes&#8221; h_padding=&#8221;2&#8243; top_padding=&#8221;5&#8243; bottom_padding=&#8221;5&#8243; back_color=&#8221;color-130638&#8243; back_image=&#8221;52882&#8243; overlay_alpha=&#8221;50&#8243; gutter_size=&#8221;4&#8243; column_width_use_pixel=&#8221;yes&#8221; shift_y=&#8221;0&#8243; z_index=&#8221;0&#8243; enable_bottom_divider=&#8221;default&#8221; bottom_divider=&#8221;waves-opacity&#8221; shape_bottom_h_use_pixel=&#8221;&#8221; shape_bottom_height=&#8221;150&#8243; shape_bottom_color=&#8221;color-xsdn&#8221; shape_bottom_opacity=&#8221;100&#8243; shape_bottom_safe=&#8221;yes&#8221; shape_bottom_index=&#8221;0&#8243; el_class=&#8221;inverted-device-order&#8221; column_width_pixel=&#8221;1600&#8243; uncode_shortcode_id=&#8221;195430&#8243; shape_bottom_color_type=&#8221;uncode-palette&#8221; back_color_type=&#8221;uncode-palette&#8221; row_name=&#8221;Oheisohjelmat&#8221;][vc_column column_width_percent=&#8221;100&#8243; position_vertical=&#8221;middle&#8221; gutter_size=&#8221;3&#8243; style=&#8221;dark&#8221; overlay_alpha=&#8221;50&#8243; shift_x=&#8221;0&#8243; shift_y=&#8221;0&#8243; shift_y_down=&#8221;0&#8243; z_index=&#8221;0&#8243; medium_width=&#8221;0&#8243; mobile_width=&#8221;0&#8243; css_animation=&#8221;right-t-left&#8221; width=&#8221;1\/2&#8243; uncode_shortcode_id=&#8221;195316&#8243; css=&#8221;.vc_custom_1662475301237{padding-left: 100px !important;}&#8221;][vc_custom_heading text_transform=&#8221;uppercase&#8221; uncode_shortcode_id=&#8221;228130&#8243; el_class=&#8221;headingShadow&#8221;]Join us at Ruka![\/vc_custom_heading][vc_column_text text_color=&#8221;color-189908&#8243; border_color=&#8221;color-444753&#8243; uncode_shortcode_id=&#8221;213671&#8243; text_color_type=&#8221;uncode-palette&#8221; border_color_type=&#8221;uncode-palette&#8221; el_class=&#8221;headingShadow&#8221;]<\/p>\n<h4>Rukalla kilpaillaan maailmancupin osakilpailussa j\u00e4nnitt\u00e4viss\u00e4 tunnelmissa ja huikeissa maisemissa. Menoa ja tekemist\u00e4 riitt\u00e4\u00e4 kaikenik\u00e4isille ja alueella vierailee my\u00f6s itse Joulupukki! P\u00e4\u00e4set perheen kanssa ilmaiseksi stadionalueen l\u00e4hell\u00e4 sijaitsevalle Kisatorille, josta l\u00f6yd\u00e4t s\u00f6p\u00f6j\u00e4 maskotteja, oheistuotteita, paikallisia herkkuja ja esiintyji\u00e4.<\/h4>\n<h4>Hypp\u00e4\u00e4 mukaan! Jaa kuvasi meille hashtageilla<br \/>\n#RukaNordic2024 #SinivalkoisiaHetki\u00e4 #Meij\u00e4nNordic<\/h4>\n<p>[\/vc_column_text][vc_button button_color=&#8221;color-vyce&#8221; border_width=&#8221;0&#8243; button_color_type=&#8221;uncode-palette&#8221; uncode_shortcode_id=&#8221;627073&#8243; link=&#8221;url:https%3A%2F%2Frukanordic.com%2Fen%2Finfo-for-teams-media%2Ffor-audience%2F|title:For%20audience|&#8221;]Read more about the event[\/vc_button][\/vc_column][vc_column width=&#8221;1\/2&#8243;][\/vc_column][\/vc_row][vc_row row_height_percent=&#8221;0&#8243; override_padding=&#8221;yes&#8221; h_padding=&#8221;2&#8243; top_padding=&#8221;5&#8243; bottom_padding=&#8221;5&#8243; overlay_alpha=&#8221;50&#8243; equal_height=&#8221;yes&#8221; gutter_size=&#8221;3&#8243; column_width_percent=&#8221;100&#8243; shift_y=&#8221;0&#8243; z_index=&#8221;0&#8243; top_divider=&#8221;gradient&#8221; bottom_divider=&#8221;step_2_3&#8243; uncode_shortcode_id=&#8221;547215&#8243; row_name=&#8221;Yhteisty\u00f6ss\u00e4&#8221;][vc_column column_width_percent=&#8221;100&#8243; position_vertical=&#8221;middle&#8221; align_horizontal=&#8221;align_center&#8221; gutter_size=&#8221;4&#8243; overlay_alpha=&#8221;50&#8243; shift_x=&#8221;0&#8243; shift_y=&#8221;0&#8243; shift_y_down=&#8221;0&#8243; z_index=&#8221;0&#8243; medium_width=&#8221;0&#8243; mobile_width=&#8221;0&#8243; width=&#8221;1\/1&#8243; uncode_shortcode_id=&#8221;163032&#8243;][vc_custom_heading uncode_shortcode_id=&#8221;169684&#8243;]<\/p>\n<h2 style=\"text-align: center;\">EVENT SPONSORS<\/h2>\n<p>[\/vc_custom_heading][vc_single_image media=&#8221;54297&#8243; media_width_percent=&#8221;100&#8243; css_animation=&#8221;alpha-anim&#8221; uncode_shortcode_id=&#8221;998053&#8243;][vc_single_image media=&#8221;54300&#8243; media_width_percent=&#8221;100&#8243; uncode_shortcode_id=&#8221;187875&#8243;][vc_single_image media=&#8221;54303&#8243; media_width_percent=&#8221;100&#8243; uncode_shortcode_id=&#8221;124446&#8243;][\/vc_column][\/vc_row][vc_row][vc_column column_width_percent=&#8221;100&#8243; align_horizontal=&#8221;align_center&#8221; gutter_size=&#8221;3&#8243; overlay_alpha=&#8221;50&#8243; shift_x=&#8221;0&#8243; shift_y=&#8221;0&#8243; shift_y_down=&#8221;0&#8243; z_index=&#8221;0&#8243; medium_width=&#8221;0&#8243; mobile_width=&#8221;0&#8243; width=&#8221;1\/1&#8243; uncode_shortcode_id=&#8221;130798&#8243;][vc_custom_heading uncode_shortcode_id=&#8221;846514&#8243;]<\/p>\n<h2 style=\"text-align: center;\">LOCAL SPONSORS<\/h2>\n<p>[\/vc_custom_heading][vc_gallery el_id=&#8221;gallery-85457&#8243; type=&#8221;css_grid&#8221; medias=&#8221;319,322,327,53453,328,329,330,331,332,334,333,325,53449,53451&#8243; grid_items=&#8221;6&#8243; screen_lg_items=&#8221;6&#8243; screen_lg_breakpoint=&#8221;1000&#8243; screen_md_items=&#8221;3&#8243; screen_md_breakpoint=&#8221;600&#8243; screen_sm_items=&#8221;2&#8243; screen_sm_breakpoint=&#8221;480&#8243; gutter_size=&#8221;5&#8243; media_items=&#8221;media|nolink|original,icon&#8221; single_overlay_opacity=&#8221;50&#8243; single_overlay_anim=&#8221;no&#8221; single_text_anim=&#8221;no&#8221; single_image_anim=&#8221;no&#8221; single_padding=&#8221;2&#8243; single_border=&#8221;yes&#8221; single_css_animation=&#8221;alpha-anim&#8221; uncode_shortcode_id=&#8221;134075&#8243; el_class=&#8221;logoGrid normalSize&#8221;][vc_empty_space empty_h=&#8221;2&#8243;][\/vc_column][\/vc_row]<\/p>\n<\/div>","protected":false},"excerpt":{"rendered":"<p>[vc_row row_height_percent=&#8221;100&#8243; back_color=&#8221;color-444753&#8243; back_image=&#8221;54366&#8243; kburns=&#8221;yes&#8221; overlay_color=&#8221;color-767957&#8243; overlay_alpha=&#8221;11&#8243; equal_height=&#8221;yes&#8221; gutter_size=&#8221;1&#8243; column_width_use_pixel=&#8221;yes&#8221; shift_y=&#8221;0&#8243; z_index=&#8221;0&#8243; row_name=&#8221;Tervetuloa&#8221; uncode_shortcode_id=&#8221;119391&#8243; back_color_type=&#8221;uncode-palette&#8221; overlay_color_type=&#8221;uncode-palette&#8221;][vc_column column_width_use_pixel=&#8221;yes&#8221; position_vertical=&#8221;middle&#8221; align_horizontal=&#8221;align_center&#8221; gutter_size=&#8221;3&#8243; [&hellip;]<\/p>\n","protected":false},"author":8,"featured_media":0,"parent":0,"menu_order":0,"comment_status":"closed","ping_status":"closed","template":"","meta":{"footnotes":""},"class_list":["post-54797","page","type-page","status-publish","hentry"],"yoast_head":"<!-- This site is optimized with the Yoast SEO plugin v27.0 - https:\/\/yoast.com\/product\/yoast-seo-wordpress\/ -->\n<title>For visitors - Ruka Nordic<\/title>\n<meta name=\"robots\" content=\"index, follow, max-snippet:-1, max-image-preview:large, max-video-preview:-1\" \/>\n<link rel=\"canonical\" href=\"https:\/\/rukanordic.com\/en\/for-visitors\/\" \/>\n<meta property=\"og:locale\" content=\"en_US\" \/>\n<meta property=\"og:type\" content=\"article\" \/>\n<meta property=\"og:title\" content=\"For visitors - Ruka Nordic\" \/>\n<meta property=\"og:description\" content=\"[vc_row row_height_percent=&#8221;100&#8243; back_color=&#8221;color-444753&#8243; back_image=&#8221;54366&#8243; kburns=&#8221;yes&#8221; overlay_color=&#8221;color-767957&#8243; overlay_alpha=&#8221;11&#8243; equal_height=&#8221;yes&#8221; gutter_size=&#8221;1&#8243; column_width_use_pixel=&#8221;yes&#8221; shift_y=&#8221;0&#8243; z_index=&#8221;0&#8243; row_name=&#8221;Tervetuloa&#8221; uncode_shortcode_id=&#8221;119391&#8243; back_color_type=&#8221;uncode-palette&#8221; overlay_color_type=&#8221;uncode-palette&#8221;][vc_column column_width_use_pixel=&#8221;yes&#8221; position_vertical=&#8221;middle&#8221; align_horizontal=&#8221;align_center&#8221; gutter_size=&#8221;3&#8243; [&hellip;]\" \/>\n<meta property=\"og:url\" content=\"https:\/\/rukanordic.com\/en\/for-visitors\/\" \/>\n<meta property=\"og:site_name\" content=\"Ruka Nordic\" \/>\n<meta property=\"article:publisher\" content=\"https:\/\/www.facebook.com\/rukanordic\" \/>\n<meta property=\"article:modified_time\" content=\"2025-11-30T10:04:21+00:00\" \/>\n<meta name=\"twitter:card\" content=\"summary_large_image\" \/>\n<meta name=\"twitter:site\" content=\"@RukaNordic\" \/>\n<meta name=\"twitter:label1\" content=\"Est. reading time\" \/>\n\t<meta name=\"twitter:data1\" content=\"3 minutes\" \/>\n<script type=\"application\/ld+json\" class=\"yoast-schema-graph\">{\"@context\":\"https:\/\/schema.org\",\"@graph\":[{\"@type\":\"WebPage\",\"@id\":\"https:\/\/rukanordic.com\/en\/for-visitors\/\",\"url\":\"https:\/\/rukanordic.com\/en\/for-visitors\/\",\"name\":\"For visitors - Ruka Nordic\",\"isPartOf\":{\"@id\":\"https:\/\/rukanordic.com\/en\/#website\"},\"datePublished\":\"2024-09-27T05:06:22+00:00\",\"dateModified\":\"2025-11-30T10:04:21+00:00\",\"inLanguage\":\"en-US\",\"potentialAction\":[{\"@type\":\"ReadAction\",\"target\":[\"https:\/\/rukanordic.com\/en\/for-visitors\/\"]}]},{\"@type\":\"WebSite\",\"@id\":\"https:\/\/rukanordic.com\/en\/#website\",\"url\":\"https:\/\/rukanordic.com\/en\/\",\"name\":\"Ruka Nordic\",\"description\":\"Maailman suurin talvilajien maailmancuptapahtuma Rukalla!\",\"publisher\":{\"@id\":\"https:\/\/rukanordic.com\/en\/#organization\"},\"potentialAction\":[{\"@type\":\"SearchAction\",\"target\":{\"@type\":\"EntryPoint\",\"urlTemplate\":\"https:\/\/rukanordic.com\/en\/?s={search_term_string}\"},\"query-input\":{\"@type\":\"PropertyValueSpecification\",\"valueRequired\":true,\"valueName\":\"search_term_string\"}}],\"inLanguage\":\"en-US\"},{\"@type\":\"Organization\",\"@id\":\"https:\/\/rukanordic.com\/en\/#organization\",\"name\":\"Ruka Nordic\",\"url\":\"https:\/\/rukanordic.com\/en\/\",\"logo\":{\"@type\":\"ImageObject\",\"inLanguage\":\"en-US\",\"@id\":\"https:\/\/rukanordic.com\/en\/#\/schema\/logo\/image\/\",\"url\":\"https:\/\/rukanordic.com\/wp-content\/uploads\/2022\/08\/Ruka_logo.png\",\"contentUrl\":\"https:\/\/rukanordic.com\/wp-content\/uploads\/2022\/08\/Ruka_logo.png\",\"width\":1098,\"height\":545,\"caption\":\"Ruka Nordic\"},\"image\":{\"@id\":\"https:\/\/rukanordic.com\/en\/#\/schema\/logo\/image\/\"},\"sameAs\":[\"https:\/\/www.facebook.com\/rukanordic\",\"https:\/\/x.com\/RukaNordic\"]}]}<\/script>\n<!-- \/ Yoast SEO plugin. -->","yoast_head_json":{"title":"For visitors - Ruka Nordic","robots":{"index":"index","follow":"follow","max-snippet":"max-snippet:-1","max-image-preview":"max-image-preview:large","max-video-preview":"max-video-preview:-1"},"canonical":"https:\/\/rukanordic.com\/en\/for-visitors\/","og_locale":"en_US","og_type":"article","og_title":"For visitors - Ruka Nordic","og_description":"[vc_row row_height_percent=&#8221;100&#8243; back_color=&#8221;color-444753&#8243; back_image=&#8221;54366&#8243; kburns=&#8221;yes&#8221; overlay_color=&#8221;color-767957&#8243; overlay_alpha=&#8221;11&#8243; equal_height=&#8221;yes&#8221; gutter_size=&#8221;1&#8243; column_width_use_pixel=&#8221;yes&#8221; shift_y=&#8221;0&#8243; z_index=&#8221;0&#8243; row_name=&#8221;Tervetuloa&#8221; uncode_shortcode_id=&#8221;119391&#8243; back_color_type=&#8221;uncode-palette&#8221; overlay_color_type=&#8221;uncode-palette&#8221;][vc_column column_width_use_pixel=&#8221;yes&#8221; position_vertical=&#8221;middle&#8221; align_horizontal=&#8221;align_center&#8221; gutter_size=&#8221;3&#8243; [&hellip;]","og_url":"https:\/\/rukanordic.com\/en\/for-visitors\/","og_site_name":"Ruka Nordic","article_publisher":"https:\/\/www.facebook.com\/rukanordic","article_modified_time":"2025-11-30T10:04:21+00:00","twitter_card":"summary_large_image","twitter_site":"@RukaNordic","twitter_misc":{"Est. reading time":"3 minutes"},"schema":{"@context":"https:\/\/schema.org","@graph":[{"@type":"WebPage","@id":"https:\/\/rukanordic.com\/en\/for-visitors\/","url":"https:\/\/rukanordic.com\/en\/for-visitors\/","name":"For visitors - Ruka Nordic","isPartOf":{"@id":"https:\/\/rukanordic.com\/en\/#website"},"datePublished":"2024-09-27T05:06:22+00:00","dateModified":"2025-11-30T10:04:21+00:00","inLanguage":"en-US","potentialAction":[{"@type":"ReadAction","target":["https:\/\/rukanordic.com\/en\/for-visitors\/"]}]},{"@type":"WebSite","@id":"https:\/\/rukanordic.com\/en\/#website","url":"https:\/\/rukanordic.com\/en\/","name":"Ruka Nordic","description":"Maailman suurin talvilajien maailmancuptapahtuma Rukalla!","publisher":{"@id":"https:\/\/rukanordic.com\/en\/#organization"},"potentialAction":[{"@type":"SearchAction","target":{"@type":"EntryPoint","urlTemplate":"https:\/\/rukanordic.com\/en\/?s={search_term_string}"},"query-input":{"@type":"PropertyValueSpecification","valueRequired":true,"valueName":"search_term_string"}}],"inLanguage":"en-US"},{"@type":"Organization","@id":"https:\/\/rukanordic.com\/en\/#organization","name":"Ruka Nordic","url":"https:\/\/rukanordic.com\/en\/","logo":{"@type":"ImageObject","inLanguage":"en-US","@id":"https:\/\/rukanordic.com\/en\/#\/schema\/logo\/image\/","url":"https:\/\/rukanordic.com\/wp-content\/uploads\/2022\/08\/Ruka_logo.png","contentUrl":"https:\/\/rukanordic.com\/wp-content\/uploads\/2022\/08\/Ruka_logo.png","width":1098,"height":545,"caption":"Ruka Nordic"},"image":{"@id":"https:\/\/rukanordic.com\/en\/#\/schema\/logo\/image\/"},"sameAs":["https:\/\/www.facebook.com\/rukanordic","https:\/\/x.com\/RukaNordic"]}]}},"_links":{"self":[{"href":"https:\/\/rukanordic.com\/en\/wp-json\/wp\/v2\/pages\/54797","targetHints":{"allow":["GET"]}}],"collection":[{"href":"https:\/\/rukanordic.com\/en\/wp-json\/wp\/v2\/pages"}],"about":[{"href":"https:\/\/rukanordic.com\/en\/wp-json\/wp\/v2\/types\/page"}],"author":[{"embeddable":true,"href":"https:\/\/rukanordic.com\/en\/wp-json\/wp\/v2\/users\/8"}],"replies":[{"embeddable":true,"href":"https:\/\/rukanordic.com\/en\/wp-json\/wp\/v2\/comments?post=54797"}],"version-history":[{"count":7,"href":"https:\/\/rukanordic.com\/en\/wp-json\/wp\/v2\/pages\/54797\/revisions"}],"predecessor-version":[{"id":56823,"href":"https:\/\/rukanordic.com\/en\/wp-json\/wp\/v2\/pages\/54797\/revisions\/56823"}],"wp:attachment":[{"href":"https:\/\/rukanordic.com\/en\/wp-json\/wp\/v2\/media?parent=54797"}],"curies":[{"name":"wp","href":"https:\/\/api.w.org\/{rel}","templated":true}]}}